{"id":8295,"date":"2023-11-17T13:37:47","date_gmt":"2023-11-17T12:37:47","guid":{"rendered":"https:\/\/tremunpiercing.com\/?post_type=product&#038;p=8295"},"modified":"2026-02-25T14:37:47","modified_gmt":"2026-02-25T13:37:47","slug":"marquise-3","status":"publish","type":"product","link":"https:\/\/tremunpiercing.com\/sl\/product\/marquise-3\/","title":{"rendered":"Marquise 3"},"content":{"rendered":"<p>Zaklju\u010dek Marquise 3 brez navoja je geometrijski kos, ki je drzen in prefinjen. Narejen je iz razko\u0161nega 14-karatnega rumenega zlata in je oblikovan okoli kristala SW CZ z markiznim brusom, ki ga elegantno obdajajo trije ble\u0161\u010de\u010di okrogli kristali, razprti v trikotnem polo\u017eaju, kar zagotavlja gibanje in vizualno zanimivost. Zaradi vizualne izraznosti lahko zaupate, da je dobro izdelan z notranjo navojno osnovo.<\/p>\n<p>Drzna oblika (velikosti 4 mm x 5,5 mm ali 5 mm x 7 mm) je namenjena izjavi. Izstopala bo kot poudarek pri prebadanju nosnic, dramati\u010den \u010depek za ustnice Monroe ali Labret ali drzen poudarek pri plo\u0161\u010datem ali koni\u010dastem prebadanju. Vrhunski izdelek za stranke, ki \u017eelijo pokazati svojo prefinjenost.<\/p>","protected":false},"excerpt":{"rendered":"<ul>\n<li>\u010cep brez navoja<\/li>\n<li>Material: Rumeno zlato 14k<\/li>\n<li>dragulj: CZ<\/li>\n<li>Merilnik: 25G push pin<\/li>\n<li>Velikost: 4 mm x 5,5 mm \/ 5 mm x 7 mm<\/li>\n<\/ul>","protected":false},"featured_media":12556,"comment_status":"closed","ping_status":"closed","template":"","meta":{"_acf_changed":false},"product_brand":[],"product_cat":[337,463,400],"product_tag":[187,188,189,205,206,212,190,183,213,184,207],"class_list":{"0":"post-8295","1":"product","2":"type-product","3":"status-publish","4":"has-post-thumbnail","6":"product_cat-gold-jewelry","7":"product_cat-tops-gold-tremun","8":"product_cat-tremun","9":"product_tag-conch","10":"product_tag-ear","11":"product_tag-helix","12":"product_tag-lobe","13":"product_tag-lobulo","14":"product_tag-medusa","15":"product_tag-oreja","16":"product_tag-perforacion","17":"product_tag-philtrum","18":"product_tag-piercing","19":"product_tag-tragus","21":"first","22":"instock","23":"taxable","24":"shipping-taxable","25":"product-type-variable"},"acf":[],"gallery_images":[12555],"_links":{"self":[{"href":"https:\/\/tremunpiercing.com\/sl\/wp-json\/wp\/v2\/product\/8295","targetHints":{"allow":["GET"]}}],"collection":[{"href":"https:\/\/tremunpiercing.com\/sl\/wp-json\/wp\/v2\/product"}],"about":[{"href":"https:\/\/tremunpiercing.com\/sl\/wp-json\/wp\/v2\/types\/product"}],"replies":[{"embeddable":true,"href":"https:\/\/tremunpiercing.com\/sl\/wp-json\/wp\/v2\/comments?post=8295"}],"version-history":[{"count":0,"href":"https:\/\/tremunpiercing.com\/sl\/wp-json\/wp\/v2\/product\/8295\/revisions"}],"wp:featuredmedia":[{"embeddable":true,"href":"https:\/\/tremunpiercing.com\/sl\/wp-json\/wp\/v2\/media\/12556"}],"wp:attachment":[{"href":"https:\/\/tremunpiercing.com\/sl\/wp-json\/wp\/v2\/media?parent=8295"}],"wp:term":[{"taxonomy":"product_brand","embeddable":true,"href":"https:\/\/tremunpiercing.com\/sl\/wp-json\/wp\/v2\/product_brand?post=8295"},{"taxonomy":"product_cat","embeddable":true,"href":"https:\/\/tremunpiercing.com\/sl\/wp-json\/wp\/v2\/product_cat?post=8295"},{"taxonomy":"product_tag","embeddable":true,"href":"https:\/\/tremunpiercing.com\/sl\/wp-json\/wp\/v2\/product_tag?post=8295"}],"curies":[{"name":"wp","href":"https:\/\/api.w.org\/{rel}","templated":true}]}}