{"id":8359,"date":"2023-11-30T20:13:22","date_gmt":"2023-11-30T19:13:22","guid":{"rendered":"https:\/\/tremunpiercing.com\/?post_type=product&#038;p=8359"},"modified":"2026-04-29T12:50:11","modified_gmt":"2026-04-29T11:50:11","slug":"customizable-display-clap-base-without-top","status":"publish","type":"product","link":"https:\/\/tremunpiercing.com\/sl\/product\/customizable-display-clap-base-without-top\/","title":{"rendered":"Ploskanje! Prilagodljivo podno\u017eje za prikaz brez vrha"},"content":{"rendered":"<p>Kot osnovo za vrhunsko razstavo nakita vam predstavljamo Clap! Display Base, ki je pravzaprav le mo\u010dna in preprosta podlaga. Podstavek Clap! je v celoti izdelan iz visokokakovostnih in trpe\u017enih materialov. Prilagodljiva osnova je temelj modularnega sistema, saj varno pritrdi dva vrhova Clap! (naprodaj lo\u010deno), ki sta name\u0161\u010dena na osnovo ali zunaj nje.<\/p>\n<p>Podstavek je stabilen na pultu in ima obte\u017eeno, tanko obliko, ki prepre\u010duje prevra\u010danje. Strankam predstavlja profesionalno in razko\u0161no podobo. Podstavek lahko uporabite za prikaz samo enega vrha naenkrat ali pa uporabite ve\u010d podstavkov v povezavi drug z drugim in tako predstavite celotno steno ponudbe. Prikazi izdelkov imajo velike prednosti za piercing studie in trgovce na drobno, saj ponujajo prilagojeno nakupovalno izku\u0161njo, strankam omogo\u010dajo brskanje in gojijo zavedanje o novostih ali posebnih ponudbah iz 14-karatnega zlata in titana.<\/p>","protected":false},"excerpt":{"rendered":"<ul>\n<li>Ploskanje! Baza<\/li>\n<li>Prilagodljiv zaslon za nakit za prebadanje telesa<\/li>\n<li>Pokrov je naprodaj lo\u010deno<\/li>\n<li>Na vrh lahko postavite do dva pokrova<\/li>\n<\/ul>","protected":false},"featured_media":8983,"comment_status":"closed","ping_status":"closed","template":"","meta":{"_acf_changed":false},"product_brand":[],"product_cat":[328,415,450],"product_tag":[],"class_list":{"0":"post-8359","1":"product","2":"type-product","3":"status-publish","4":"has-post-thumbnail","6":"product_cat-supplies","7":"product_cat-clap","8":"product_cat-clap-classic","10":"first","11":"instock","12":"taxable","13":"shipping-taxable","14":"purchasable","15":"product-type-simple"},"acf":[],"gallery_images":[8989,8988,8984,8985,8986,8987,9103,9104,9105],"_links":{"self":[{"href":"https:\/\/tremunpiercing.com\/sl\/wp-json\/wp\/v2\/product\/8359","targetHints":{"allow":["GET"]}}],"collection":[{"href":"https:\/\/tremunpiercing.com\/sl\/wp-json\/wp\/v2\/product"}],"about":[{"href":"https:\/\/tremunpiercing.com\/sl\/wp-json\/wp\/v2\/types\/product"}],"replies":[{"embeddable":true,"href":"https:\/\/tremunpiercing.com\/sl\/wp-json\/wp\/v2\/comments?post=8359"}],"version-history":[{"count":1,"href":"https:\/\/tremunpiercing.com\/sl\/wp-json\/wp\/v2\/product\/8359\/revisions"}],"predecessor-version":[{"id":28482,"href":"https:\/\/tremunpiercing.com\/sl\/wp-json\/wp\/v2\/product\/8359\/revisions\/28482"}],"wp:featuredmedia":[{"embeddable":true,"href":"https:\/\/tremunpiercing.com\/sl\/wp-json\/wp\/v2\/media\/8983"}],"wp:attachment":[{"href":"https:\/\/tremunpiercing.com\/sl\/wp-json\/wp\/v2\/media?parent=8359"}],"wp:term":[{"taxonomy":"product_brand","embeddable":true,"href":"https:\/\/tremunpiercing.com\/sl\/wp-json\/wp\/v2\/product_brand?post=8359"},{"taxonomy":"product_cat","embeddable":true,"href":"https:\/\/tremunpiercing.com\/sl\/wp-json\/wp\/v2\/product_cat?post=8359"},{"taxonomy":"product_tag","embeddable":true,"href":"https:\/\/tremunpiercing.com\/sl\/wp-json\/wp\/v2\/product_tag?post=8359"}],"curies":[{"name":"wp","href":"https:\/\/api.w.org\/{rel}","templated":true}]}}