{"id":8361,"date":"2023-11-30T20:26:38","date_gmt":"2023-11-30T19:26:38","guid":{"rendered":"https:\/\/tremunpiercing.com\/?post_type=product&#038;p=8361"},"modified":"2026-04-17T15:14:29","modified_gmt":"2026-04-17T14:14:29","slug":"clap-customizable-display-top-with-clips-top-only","status":"publish","type":"product","link":"https:\/\/tremunpiercing.com\/sl\/product\/clap-customizable-display-top-with-clips-top-only\/","title":{"rendered":"Ploskanje! Prilagodljiv vrh zaslona s sponkami - samo vrh"},"content":{"rendered":"<p>Revolucionizirajte svoj piercing studio ali prodajni pult z napravo Clap! Prilagodljivim prikazovalnim pultom. Ta inovativna plo\u0161\u010da ima varen in enostaven za uporabo sistem sponk, ki se trdno pritrdi na podlago Clap! (naprodaj lo\u010deno), kar omogo\u010da stabilno in profesionalno predstavitev va\u0161ega dragocenega telesnega nakita.<\/p>\n<p>Na voljo so v klasi\u010dni \u010drni in beli barvi in omogo\u010dajo oblikovanje modularnega razstavnega sistema, ki se prilagaja va\u0161i zalogi. Z me\u0161anjem in kombiniranjem vrhov lahko uredite razli\u010dne sloge nakita, od ne\u017enih koncev brez niti do izrazitih kosov. \u010ce so najbolje prodajani izdelki vidni in dostopni, izbolj\u0161ate izku\u0161njo strank in spodbudite prodajo. To je pameten in prilagodljiv na\u010din predstavitve va\u0161e zbirke.<\/p>","protected":false},"excerpt":{"rendered":"<ul>\n<li>Ploskanje! Zgornji del s sponkami<\/li>\n<li>Prilagodljiv zaslon za nakit za prebadanje telesa<\/li>\n<li>Podstavek je naprodaj lo\u010deno<\/li>\n<li>Na voljo v \u010drni in beli barvi<\/li>\n<\/ul>","protected":false},"featured_media":8362,"comment_status":"closed","ping_status":"closed","template":"","meta":{"_acf_changed":false},"product_brand":[],"product_cat":[415,450,449,457,328],"product_tag":[],"class_list":{"0":"post-8361","1":"product","2":"type-product","3":"status-publish","4":"has-post-thumbnail","6":"product_cat-clap","7":"product_cat-clap-classic","8":"product_cat-clap-elite","9":"product_cat-clap-luxury","10":"product_cat-supplies","12":"first","13":"instock","14":"taxable","15":"shipping-taxable","16":"purchasable","17":"product-type-variable"},"acf":[],"gallery_images":[8363,8364,8973,8977,8972,8974],"_links":{"self":[{"href":"https:\/\/tremunpiercing.com\/sl\/wp-json\/wp\/v2\/product\/8361","targetHints":{"allow":["GET"]}}],"collection":[{"href":"https:\/\/tremunpiercing.com\/sl\/wp-json\/wp\/v2\/product"}],"about":[{"href":"https:\/\/tremunpiercing.com\/sl\/wp-json\/wp\/v2\/types\/product"}],"replies":[{"embeddable":true,"href":"https:\/\/tremunpiercing.com\/sl\/wp-json\/wp\/v2\/comments?post=8361"}],"version-history":[{"count":1,"href":"https:\/\/tremunpiercing.com\/sl\/wp-json\/wp\/v2\/product\/8361\/revisions"}],"predecessor-version":[{"id":29729,"href":"https:\/\/tremunpiercing.com\/sl\/wp-json\/wp\/v2\/product\/8361\/revisions\/29729"}],"wp:featuredmedia":[{"embeddable":true,"href":"https:\/\/tremunpiercing.com\/sl\/wp-json\/wp\/v2\/media\/8362"}],"wp:attachment":[{"href":"https:\/\/tremunpiercing.com\/sl\/wp-json\/wp\/v2\/media?parent=8361"}],"wp:term":[{"taxonomy":"product_brand","embeddable":true,"href":"https:\/\/tremunpiercing.com\/sl\/wp-json\/wp\/v2\/product_brand?post=8361"},{"taxonomy":"product_cat","embeddable":true,"href":"https:\/\/tremunpiercing.com\/sl\/wp-json\/wp\/v2\/product_cat?post=8361"},{"taxonomy":"product_tag","embeddable":true,"href":"https:\/\/tremunpiercing.com\/sl\/wp-json\/wp\/v2\/product_tag?post=8361"}],"curies":[{"name":"wp","href":"https:\/\/api.w.org\/{rel}","templated":true}]}}