{"id":8378,"date":"2023-12-01T20:17:41","date_gmt":"2023-12-01T19:17:41","guid":{"rendered":"https:\/\/tremunpiercing.com\/?post_type=product&#038;p=8378"},"modified":"2026-04-22T16:18:52","modified_gmt":"2026-04-22T15:18:52","slug":"clap-transparent-display-for-accessories","status":"publish","type":"product","link":"https:\/\/tremunpiercing.com\/sl\/product\/clap-transparent-display-for-accessories\/","title":{"rendered":"Ploskanje! Prozoren prikazovalnik za dodatke"},"content":{"rendered":"<p>Klopotanje! Transparentni dodatki za prikazovanje zagotavljajo dober in higiensko neopore\u010den komercialni na\u010din za prikazovanje va\u0161e zbirke piercing nakita. Izdelani so iz trpe\u017enega kakovostnega materiala, ki je kristalno prozoren, zato lahko strankam jasno poka\u017eete vse svoje kose in se jih ne dotikate. To zagotavlja optimalno \u010disto profesionalno okolje v okolju studia za piercing, hkrati pa osebju omogo\u010da odli\u010dno vidnost kosov in organizacijo zbirke.<\/p>\n<p>Ta prikazovalnik je lahek, pregleden in enostaven za prena\u0161anje, zato ga je priporo\u010dljivo uporabljati na pultu. Odli\u010den za razstave in predstavitve. Ta prikazovalnik ima profesionalen videz, ki omogo\u010da vidnost in organizacijo nakita. Piercerjem omogo\u010da, da prika\u017eejo svojo zbirko in ustvarijo bolj\u0161e sodelovanje s stranko ter hkrati vzpostavijo zaupanje. Odli\u010dna re\u0161itev za profesionalni piercing studio in mo\u017enosti za prikazovanje piercinga.<\/p>","protected":false},"excerpt":{"rendered":"<ul>\n<li>Ploskanje! Prozoren prikazovalnik za dodatke<\/li>\n<li>Odli\u010dno za prikazovanje draguljev strankam, ne da bi se dotaknili ko\u017ee.<\/li>\n<\/ul>","protected":false},"featured_media":8978,"comment_status":"closed","ping_status":"closed","template":"","meta":{"_acf_changed":false},"product_brand":[],"product_cat":[415,450,328],"product_tag":[],"class_list":{"0":"post-8378","1":"product","2":"type-product","3":"status-publish","4":"has-post-thumbnail","6":"product_cat-clap","7":"product_cat-clap-classic","8":"product_cat-supplies","10":"first","11":"instock","12":"taxable","13":"shipping-taxable","14":"purchasable","15":"product-type-simple"},"acf":[],"gallery_images":[8979,8980,8981,8982],"_links":{"self":[{"href":"https:\/\/tremunpiercing.com\/sl\/wp-json\/wp\/v2\/product\/8378","targetHints":{"allow":["GET"]}}],"collection":[{"href":"https:\/\/tremunpiercing.com\/sl\/wp-json\/wp\/v2\/product"}],"about":[{"href":"https:\/\/tremunpiercing.com\/sl\/wp-json\/wp\/v2\/types\/product"}],"replies":[{"embeddable":true,"href":"https:\/\/tremunpiercing.com\/sl\/wp-json\/wp\/v2\/comments?post=8378"}],"version-history":[{"count":0,"href":"https:\/\/tremunpiercing.com\/sl\/wp-json\/wp\/v2\/product\/8378\/revisions"}],"wp:featuredmedia":[{"embeddable":true,"href":"https:\/\/tremunpiercing.com\/sl\/wp-json\/wp\/v2\/media\/8978"}],"wp:attachment":[{"href":"https:\/\/tremunpiercing.com\/sl\/wp-json\/wp\/v2\/media?parent=8378"}],"wp:term":[{"taxonomy":"product_brand","embeddable":true,"href":"https:\/\/tremunpiercing.com\/sl\/wp-json\/wp\/v2\/product_brand?post=8378"},{"taxonomy":"product_cat","embeddable":true,"href":"https:\/\/tremunpiercing.com\/sl\/wp-json\/wp\/v2\/product_cat?post=8378"},{"taxonomy":"product_tag","embeddable":true,"href":"https:\/\/tremunpiercing.com\/sl\/wp-json\/wp\/v2\/product_tag?post=8378"}],"curies":[{"name":"wp","href":"https:\/\/api.w.org\/{rel}","templated":true}]}}