{"id":9870,"date":"2024-07-15T16:49:11","date_gmt":"2024-07-15T15:49:11","guid":{"rendered":"https:\/\/tremunpiercing.com\/?post_type=product&#038;p=9870"},"modified":"2026-04-10T14:23:33","modified_gmt":"2026-04-10T13:23:33","slug":"marion","status":"publish","type":"product","link":"https:\/\/tremunpiercing.com\/sl\/product\/marion\/","title":{"rendered":"Marion"},"content":{"rendered":"<p>Nakit za piercing Marion je popolna kombinacija trajnosti in prefinjenosti. Izdelan je iz titana F-136 za vsadke in ima notranji navoj 16G ter omogo\u010da varno in hipoalergeno no\u0161enje za profesionalno uporabo. Oblikovan je s 5,7-milimetrskim kubi\u010dnim cirkonijevim draguljem, ki je izrezan tako, da se \u010dim bolj ble\u0161\u010di in poudari najbolj\u0161e pri vsakem piercingu, njegova velikost pa omogo\u010da vsestransko namestitev, saj so priljubljene mo\u017enosti piercinga hrustanca, vija\u010dnice in lobusa.<\/p>\n<p>Notranji navoj omogo\u010da nemoteno vstavljanje, pri \u010demer je neudobje in dra\u017eenje za stranko minimalno. Marion zagotavlja slog in funkcijo za piercing studie in dobavitelje nakita, zaradi \u010desar je za\u017eelen visokokakovostni inventarni element. Vrhunski materiali skupaj z brez\u010dasnim dizajnom zagotavljajo zadovoljno uporabo tako za pirserje kot za stranke. Odli\u010den kos nakita za strokovnjake, ki \u017eelijo svojim strankam ponuditi eleganten in zanesljiv telesni nakit.<\/p>","protected":false},"excerpt":{"rendered":"<ul>\n<li>Z notranjim navojem<\/li>\n<li>Material: Titanium F-136<\/li>\n<li>Merilnik: 16G<\/li>\n<li>dragulj: Kubi\u010dni cirkonij<\/li>\n<li>Velikost: 5,7 mm<\/li>\n<\/ul>","protected":false},"featured_media":12404,"comment_status":"closed","ping_status":"closed","template":"","meta":{"_acf_changed":false},"product_brand":[],"product_cat":[340,343],"product_tag":[187,179,180,188,209,189,210,211,212,190,183,184,207],"class_list":{"0":"post-9870","1":"product","2":"type-product","3":"status-publish","4":"has-post-thumbnail","6":"product_cat-titanium-jewelry","7":"product_cat-tops-titanium-jewelry","8":"product_tag-conch","9":"product_tag-cristal","10":"product_tag-cz","11":"product_tag-ear","12":"product_tag-faux-rook","13":"product_tag-helix","14":"product_tag-labret","15":"product_tag-lip","16":"product_tag-medusa","17":"product_tag-oreja","18":"product_tag-perforacion","19":"product_tag-piercing","20":"product_tag-tragus","22":"first","23":"instock","24":"taxable","25":"shipping-taxable","26":"purchasable","27":"product-type-simple"},"acf":[],"gallery_images":[28223,28224],"_links":{"self":[{"href":"https:\/\/tremunpiercing.com\/sl\/wp-json\/wp\/v2\/product\/9870","targetHints":{"allow":["GET"]}}],"collection":[{"href":"https:\/\/tremunpiercing.com\/sl\/wp-json\/wp\/v2\/product"}],"about":[{"href":"https:\/\/tremunpiercing.com\/sl\/wp-json\/wp\/v2\/types\/product"}],"replies":[{"embeddable":true,"href":"https:\/\/tremunpiercing.com\/sl\/wp-json\/wp\/v2\/comments?post=9870"}],"version-history":[{"count":1,"href":"https:\/\/tremunpiercing.com\/sl\/wp-json\/wp\/v2\/product\/9870\/revisions"}],"predecessor-version":[{"id":28225,"href":"https:\/\/tremunpiercing.com\/sl\/wp-json\/wp\/v2\/product\/9870\/revisions\/28225"}],"wp:featuredmedia":[{"embeddable":true,"href":"https:\/\/tremunpiercing.com\/sl\/wp-json\/wp\/v2\/media\/12404"}],"wp:attachment":[{"href":"https:\/\/tremunpiercing.com\/sl\/wp-json\/wp\/v2\/media?parent=9870"}],"wp:term":[{"taxonomy":"product_brand","embeddable":true,"href":"https:\/\/tremunpiercing.com\/sl\/wp-json\/wp\/v2\/product_brand?post=9870"},{"taxonomy":"product_cat","embeddable":true,"href":"https:\/\/tremunpiercing.com\/sl\/wp-json\/wp\/v2\/product_cat?post=9870"},{"taxonomy":"product_tag","embeddable":true,"href":"https:\/\/tremunpiercing.com\/sl\/wp-json\/wp\/v2\/product_tag?post=9870"}],"curies":[{"name":"wp","href":"https:\/\/api.w.org\/{rel}","templated":true}]}}